{"id":6,"date":"2019-11-26T12:23:06","date_gmt":"2019-11-26T12:23:06","guid":{"rendered":"https:\/\/demosites.io\/blogger-gb\/?page_id=6"},"modified":"2025-11-02T17:59:55","modified_gmt":"2025-11-02T17:59:55","slug":"582c1-blogger-gb-about","status":"publish","type":"page","link":"https:\/\/mustafakaradis.com\/index.php\/582c1-blogger-gb-about\/","title":{"rendered":"Hakk\u0131nda"},"content":{"rendered":"\n<div id=\"wp-block-themeisle-blocks-advanced-columns-c3397b6c\" class=\"wp-block-themeisle-blocks-advanced-columns alignfull has-1-columns has-desktop-equal-layout has-tablet-equal-layout has-mobile-equal-layout has-vertical-unset\"><div class=\"wp-block-themeisle-blocks-advanced-columns-overlay\"><\/div><div class=\"innerblocks-wrap\">\n<div id=\"wp-block-themeisle-blocks-advanced-column-f1a738cd\" class=\"wp-block-themeisle-blocks-advanced-column\">\n<h6 class=\"wp-block-heading ticss-323b0dc0\" id=\"mustafa-karadis\">Mustafa Karadis<\/h6>\n\n\n\n<p>Yap\u0131mc\u0131 ve y\u00f6netmen kimli\u011fini \u201cileti\u015fim\u201d \u00e7at\u0131s\u0131 alt\u0131nda birle\u015ftiren Mustafa Karadis, kendi yap\u0131m \u015firketinin yan\u0131 s\u0131ra dijital platformlara ajansl\u0131k hizmeti veren, markalar i\u00e7in reklam, tan\u0131t\u0131m filmi, kurumsal ileti\u015fim ve sosyal medya y\u00f6netimi deste\u011fi sunan bir dijital at\u00f6lyenin kurucusudur. Ayr\u0131ca, sa\u011fl\u0131kl\u0131 ya\u015fam ve hijyen temal\u0131 \u00e7al\u0131\u015fan iki uluslararas\u0131 firmaya dan\u0131\u015fmanl\u0131k hizmeti vermekte, bir sivil toplum kurulu\u015funun kuruculu\u011funu ve tematik bir gezici festivalin sahipli\u011fini y\u00fcr\u00fctmektedir.<br>Yarat\u0131c\u0131 \u00fcretimin ve ileti\u015fimin d\u00f6n\u00fc\u015ft\u00fcr\u00fcc\u00fc g\u00fcc\u00fcne inanan \u00e7ok y\u00f6nl\u00fc biri olarak tan\u0131ml\u0131yor kendini.<\/p>\n\n\n\n<p>E\u011fitim hayat\u0131nda farkl\u0131 disiplinlerde kendini geli\u015ftirmeyi tercih etmi\u015ftir. Bak\u0131rk\u00f6y Ticaret Lisesi\u2019yle ba\u015flayan mesleki yolculu\u011funu, Uluda\u011f \u00dcniversitesi Bal\u0131kesir Turizm Otelcilik Y\u00fcksekokulu\u2019nda s\u00fcrd\u00fcrm\u00fc\u015f; turizmin, d\u0131\u015f d\u00fcnyaya a\u00e7\u0131lman\u0131n ve insan ili\u015fkilerinin \u00f6nemini bu d\u00f6nemde ke\u015ffetmi\u015ftir.<br>E\u011fitimine ara vermeden, Anadolu \u00dcniversitesi A\u00e7\u0131k\u00f6\u011fretim Fak\u00fcltesi\u2019nde D\u0131\u015f Ticaret, Radyo-Televizyon ve Halkla \u0130li\u015fkiler b\u00f6l\u00fcmlerini tamamlayarak profesyonel deneyimlerini akademik bilgiyle peki\u015ftirmi\u015ftir. \u00d6zellikle halkla ili\u015fkiler ve radyo-televizyon alanlar\u0131, bug\u00fcnk\u00fc mesleki y\u00f6neliminin temelini olu\u015fturmu\u015ftur.<\/p>\n\n\n\n<p>Zaman y\u00f6netimini etkin kullanarak foto\u011fraf\u00e7\u0131l\u0131k, web tasar\u0131m\u0131, fitoterapi, Almanca ve \u0130ngilizce gibi farkl\u0131 alanlarda e\u011fitimler alm\u0131\u015f; bu \u00e7e\u015fitlilik, \u00fcretim anlay\u0131\u015f\u0131na derinlik kazand\u0131rm\u0131\u015ft\u0131r.<\/p>\n\n\n\n<p>Sanata olan ilgisi \u00e7ocuk ya\u015fta ba\u015flam\u0131\u015ft\u0131r. Yedi ya\u015f\u0131nda resim ve karikat\u00fcr \u00e7izmeye ba\u015flam\u0131\u015f, ilerleyen y\u0131llarda geli\u015ftirdi\u011fi yetene\u011fi ile \u00fcrettikleri \u00e7e\u015fitli dergi ve gazetelerde yay\u0131mlanm\u0131\u015ft\u0131r. Bu erken d\u00f6nemdeki sanatsal e\u011filimi, ilerideki sinema ve belgesel tutkusunun ilk ad\u0131mlar\u0131n\u0131 olu\u015fturmu\u015ftur.<\/p>\n\n\n\n<p>Bilgiye duydu\u011fu ilgiyi belgesel yap\u0131mc\u0131l\u0131\u011f\u0131 ile birle\u015ftirerek tarih, sa\u011fl\u0131k, do\u011fa, yemek k\u00fclt\u00fcr\u00fc, felsefe ve ba\u015far\u0131 \u00f6yk\u00fcleri gibi ya\u015fama pozitif katk\u0131lar sa\u011flayan konularla geni\u015f bir yelpazede \u00fcretimler ger\u00e7ekle\u015ftirmi\u015ftir.<br>Trt&#8217;de yay\u0131nlanan kad\u0131nlar\u0131n toplumsal ba\u015far\u0131lar\u0131n\u0131 konu alan <strong>\u201cNisvan \u2013 Tarihe Ad\u0131n\u0131 Yazd\u0131ran Kad\u0131nlar\u201d<\/strong> adl\u0131 belgesel serisi, 19 kad\u0131n ve 17 b\u00f6l\u00fcmden olu\u015fan, sinematografik canland\u0131rmalarla desteklenmi\u015f \u00f6nemli bir yap\u0131tt\u0131r.<\/p>\n\n\n\n<p>Tematik belgeseller, reklam ve kamu spotu projeleriyle, sanat\u0131 bilgiyle bulu\u015fturan bir yakla\u015f\u0131m benimsemektedir. Hayat\u0131n\u0131, fikirlerin ger\u00e7e\u011fe d\u00f6n\u00fc\u015ft\u00fc\u011f\u00fc yarat\u0131c\u0131 bir at\u00f6lye olarak tan\u0131mlar.<\/p>\n\n\n\n<p>Bug\u00fcn, \u00fcretmeye, \u00f6\u011frenmeye, \u00f6\u011fretmeye ve ilham vermeye devam etmektedir.<\/p>\n<\/div>\n<\/div><\/div>\n\n\n\n<div id=\"wp-block-themeisle-blocks-advanced-columns-c0dddeb4\" class=\"wp-block-themeisle-blocks-advanced-columns alignfull has-3-columns has-desktop-equal-layout has-tablet-equal-layout has-mobile-equal-layout has-vertical-center ticss-e5dae148 has-dark-bg\"><div class=\"wp-block-themeisle-blocks-advanced-columns-overlay\"><\/div><div class=\"innerblocks-wrap\">\n<div id=\"wp-block-themeisle-blocks-advanced-column-05a9c2d9\" class=\"wp-block-themeisle-blocks-advanced-column ticss-1c8994ea\">\n<figure class=\"wp-block-image size-full\"><img loading=\"lazy\" decoding=\"async\" width=\"400\" height=\"600\" src=\"https:\/\/mustafakaradis.com\/wp-content\/uploads\/2022\/01\/mksol.jpg\" alt=\"\" class=\"wp-image-198\" srcset=\"https:\/\/mustafakaradis.com\/wp-content\/uploads\/2022\/01\/mksol.jpg 400w, https:\/\/mustafakaradis.com\/wp-content\/uploads\/2022\/01\/mksol-200x300.jpg 200w\" sizes=\"auto, (max-width: 400px) 100vw, 400px\" \/><\/figure>\n<\/div>\n\n\n\n<div id=\"wp-block-themeisle-blocks-advanced-column-44e0e60e\" class=\"wp-block-themeisle-blocks-advanced-column\">\n<figure class=\"wp-block-image size-full\"><img loading=\"lazy\" decoding=\"async\" width=\"400\" height=\"600\" src=\"https:\/\/mustafakaradis.com\/wp-content\/uploads\/2022\/01\/ortamk.jpg\" alt=\"\" class=\"wp-image-199\" srcset=\"https:\/\/mustafakaradis.com\/wp-content\/uploads\/2022\/01\/ortamk.jpg 400w, https:\/\/mustafakaradis.com\/wp-content\/uploads\/2022\/01\/ortamk-200x300.jpg 200w\" sizes=\"auto, (max-width: 400px) 100vw, 400px\" \/><\/figure>\n<\/div>\n\n\n\n<div id=\"wp-block-themeisle-blocks-advanced-column-95e2559b\" class=\"wp-block-themeisle-blocks-advanced-column\">\n<figure class=\"wp-block-image size-full\"><img loading=\"lazy\" decoding=\"async\" width=\"400\" height=\"600\" src=\"https:\/\/mustafakaradis.com\/wp-content\/uploads\/2022\/01\/sag.mk_.jpg\" alt=\"\" class=\"wp-image-200\" srcset=\"https:\/\/mustafakaradis.com\/wp-content\/uploads\/2022\/01\/sag.mk_.jpg 400w, https:\/\/mustafakaradis.com\/wp-content\/uploads\/2022\/01\/sag.mk_-200x300.jpg 200w\" sizes=\"auto, (max-width: 400px) 100vw, 400px\" \/><\/figure>\n<\/div>\n<\/div><\/div>\n\n\n\n<div id=\"wp-block-themeisle-blocks-advanced-columns-ba35ac10\" class=\"wp-block-themeisle-blocks-advanced-columns alignfull has-2-columns has-desktop-equal-layout has-tablet-collapsedRows-layout has-mobile-collapsedRows-layout has-vertical-unset\"><div class=\"wp-block-themeisle-blocks-advanced-columns-overlay\"><\/div><div class=\"innerblocks-wrap\">\n<div id=\"wp-block-themeisle-blocks-advanced-column-6436fd26\" class=\"wp-block-themeisle-blocks-advanced-column ticss-48ef8f35\">\n<figure class=\"wp-block-image size-full ticss-39ebe30d\"><img loading=\"lazy\" decoding=\"async\" width=\"2048\" height=\"1365\" src=\"https:\/\/mustafakaradis.com\/wp-content\/uploads\/2025\/10\/ben.mk1_.jpg\" alt=\"\" class=\"wp-image-300\" srcset=\"https:\/\/mustafakaradis.com\/wp-content\/uploads\/2025\/10\/ben.mk1_.jpg 2048w, https:\/\/mustafakaradis.com\/wp-content\/uploads\/2025\/10\/ben.mk1_-300x200.jpg 300w, https:\/\/mustafakaradis.com\/wp-content\/uploads\/2025\/10\/ben.mk1_-1024x683.jpg 1024w, https:\/\/mustafakaradis.com\/wp-content\/uploads\/2025\/10\/ben.mk1_-768x512.jpg 768w, https:\/\/mustafakaradis.com\/wp-content\/uploads\/2025\/10\/ben.mk1_-1536x1024.jpg 1536w, https:\/\/mustafakaradis.com\/wp-content\/uploads\/2025\/10\/ben.mk1_-930x620.jpg 930w\" sizes=\"auto, (max-width: 2048px) 100vw, 2048px\" \/><\/figure>\n<\/div>\n\n\n\n<div id=\"wp-block-themeisle-blocks-advanced-column-c5a7861d\" class=\"wp-block-themeisle-blocks-advanced-column ticss-5418d6a3\">\n<p id=\"wp-block-themeisle-blocks-advanced-heading-e18518c3\" class=\"wp-block-themeisle-blocks-advanced-heading wp-block-themeisle-blocks-advanced-heading-e18518c3\"><strong>d\u00fc\u015f\u00fcn\u00fcyorum \u00f6yleyse<\/strong><\/p>\n\n\n\n<h2 class=\"wp-block-heading\" id=\"i-love-simplicity\">Erdemli Olmak<\/h2>\n\n\n\n<p>Gandhi&#8217;nin bu s\u00f6z\u00fc bana para ve iktidar h\u0131rs\u0131na bir g\u00f6nderme olarak \u00e7ok de\u011ferli geliyor. <\/p>\n\n\n\n<p>\u201cD\u00fcr\u00fcst, \u00e7al\u0131\u015fkan, \u015ferefli ve temiz olmak i\u00e7in paraya ihtiyac\u0131m yok.\u201d Gandhi, Hindistan&#8217;\u0131n \u0130ngiliz s\u00f6m\u00fcrge y\u00f6netiminden kurtulmas\u0131 i\u00e7in \u015fiddet i\u00e7ermeyen (ahimsa) direni\u015f y\u00f6ntemini savunmu\u015f ve ahlaki de\u011ferlere dayal\u0131 bir ya\u015fam\u0131 benimsemi\u015ftir. Bu yakla\u015f\u0131m, bireylerin i\u00e7sel erdemlerini ve toplumsal sorumluluklar\u0131n\u0131 \u00f6n plana \u00e7\u0131kar\u0131r. Paray\u0131 g\u00fc\u00e7 unsuru olarak kabul edersek, erdemli olman\u0131n daha de\u011ferli oldu\u011funu hat\u0131rlat\u0131yor. Daha anla\u015f\u0131l\u0131r bir ifadeyle, Paran\u0131n ve g\u00fc\u00e7 arzusunun \u00f6ne \u00e7\u0131kmas\u0131, kamu yarar\u0131 ve ahlaki sorumlulu\u011fun g\u00f6lgelenmesine yol a\u00e7ar diyor.<\/p>\n\n\n\n<p>Bu s\u00f6z, siyasetin temel g\u00f6revi olan kamusal hizmet ve toplumsal adaletin, bireysel maddi kazan\u00e7 h\u0131rs\u0131 ile \u00e7eli\u015fti\u011fini ortaya koyar.<\/p>\n\n\n\n<p>Felsefi a\u00e7\u0131dan, para ve g\u00fc\u00e7 h\u0131rs\u0131 sadece etik bir \u00e7\u00f6k\u00fc\u015f de\u011fil, ayn\u0131 zamanda toplumsal d\u00fczenin \u00e7\u00fcr\u00fcmesidir. \u00c7\u00fcnk\u00fc bir toplumun g\u00fcven ve i\u015fleyi\u015fi, erdemli bireylerin kolektif davran\u0131\u015f\u0131na ba\u011fl\u0131d\u0131r.<\/p>\n\n\n\n<p>Felsefenin insan\u0131 ayd\u0131nlatt\u0131\u011f\u0131 ger\u00e7e\u011finden yola \u00e7\u0131karak, erdemli olmay\u0131 se\u00e7menin huzurlu s\u0131cakl\u0131\u011f\u0131n\u0131 hat\u0131rlatmak istedim. Bizim idarecilerin de kulaklar\u0131na k\u00fcpe olsun umuduyla.<\/p>\n\n\n\n<p>Mustafa Karadis<\/p>\n<\/div>\n<\/div><\/div>\n\n\n\n<div id=\"wp-block-themeisle-blocks-advanced-columns-350732b2\" class=\"wp-block-themeisle-blocks-advanced-columns alignfull has-2-columns has-desktop-equal-layout has-tablet-equal-layout has-mobile-collapsedRows-layout has-vertical-unset has-dark-bg\"><div class=\"wp-block-themeisle-blocks-advanced-columns-overlay\"><\/div><div class=\"innerblocks-wrap\">\n<div id=\"wp-block-themeisle-blocks-advanced-column-b9f983d5\" class=\"wp-block-themeisle-blocks-advanced-column\">\n<h3 class=\"wp-block-heading has-nv-text-dark-bg-color has-text-color\" id=\"blog-posts\">KATRE F\u0130K\u0130R SANAT<\/h3>\n\n\n\n<p class=\"has-nv-text-dark-bg-color has-text-color\">D\u00fcnya hayat\u0131 bir e\u011flence ve oyundan ibaretse. Kime g\u00f6re e\u011flence, kime g\u00f6re oyun. Ve biz oyunun neresindeyiz?<\/p>\n\n\n\n<p class=\"wp-block-themeisle-blocks-advanced-heading wp-block-themeisle-blocks-advanced-heading-291a439a has-nv-text-dark-bg-color has-text-color\"><a href=\"https:\/\/katrefikirsanat.com\">Siteye git<\/a><\/p>\n<\/div>\n\n\n\n<div id=\"wp-block-themeisle-blocks-advanced-column-57d9480e\" class=\"wp-block-themeisle-blocks-advanced-column\">\n<h3 class=\"wp-block-heading has-nv-text-dark-bg-color has-text-color\" id=\"services\">KATRE D\u0130J\u0130TAL AT\u00d6LYE<\/h3>\n\n\n\n<p class=\"has-nv-text-dark-bg-color has-text-color\">Dijital Platformlar\u0131n resmi ajans\u0131, reklam tan\u0131t\u0131m, profesyonel foto\u011fraf video \u00e7ekimleri, kurumsal ileti\u015fim sosyal medya ve marka dan\u0131\u015fmanl\u0131\u011f\u0131 hizmetleri <\/p>\n\n\n\n<p class=\"wp-block-themeisle-blocks-advanced-heading wp-block-themeisle-blocks-advanced-heading-291a439a has-nv-text-dark-bg-color has-text-color\"><a href=\"https:\/\/katredijitalatolye.com\">Siteye git<\/a><\/p>\n<\/div>\n<\/div><\/div>\n","protected":false},"excerpt":{"rendered":"","protected":false},"author":1,"featured_media":0,"parent":0,"menu_order":0,"comment_status":"closed","ping_status":"closed","template":"","meta":{"neve_meta_sidebar":"full-width","neve_meta_container":"","neve_meta_enable_content_width":"on","neve_meta_content_width":100,"neve_meta_title_alignment":"","neve_meta_author_avatar":"","neve_post_elements_order":"","neve_meta_disable_header":"","neve_meta_disable_footer":"","neve_meta_disable_title":"on","_themeisle_gutenberg_block_has_review":false,"footnotes":""},"class_list":["post-6","page","type-page","status-publish","hentry"],"_links":{"self":[{"href":"https:\/\/mustafakaradis.com\/index.php\/wp-json\/wp\/v2\/pages\/6","targetHints":{"allow":["GET"]}}],"collection":[{"href":"https:\/\/mustafakaradis.com\/index.php\/wp-json\/wp\/v2\/pages"}],"about":[{"href":"https:\/\/mustafakaradis.com\/index.php\/wp-json\/wp\/v2\/types\/page"}],"author":[{"embeddable":true,"href":"https:\/\/mustafakaradis.com\/index.php\/wp-json\/wp\/v2\/users\/1"}],"replies":[{"embeddable":true,"href":"https:\/\/mustafakaradis.com\/index.php\/wp-json\/wp\/v2\/comments?post=6"}],"version-history":[{"count":23,"href":"https:\/\/mustafakaradis.com\/index.php\/wp-json\/wp\/v2\/pages\/6\/revisions"}],"predecessor-version":[{"id":483,"href":"https:\/\/mustafakaradis.com\/index.php\/wp-json\/wp\/v2\/pages\/6\/revisions\/483"}],"wp:attachment":[{"href":"https:\/\/mustafakaradis.com\/index.php\/wp-json\/wp\/v2\/media?parent=6"}],"curies":[{"name":"wp","href":"https:\/\/api.w.org\/{rel}","templated":true}]}}