{"id":5,"date":"2019-11-26T12:22:54","date_gmt":"2019-11-26T12:22:54","guid":{"rendered":"https:\/\/demosites.io\/blogger-gb\/?page_id=5"},"modified":"2025-11-02T18:14:07","modified_gmt":"2025-11-02T18:14:07","slug":"582c1-blogger-gb-home","status":"publish","type":"page","link":"https:\/\/mustafakaradis.com\/","title":{"rendered":"Anasayfa"},"content":{"rendered":"\n<div class=\"alignnormal\"><div id=\"metaslider-id-153\" style=\"width: 100%;\" class=\"ml-slider-3-98-0 metaslider metaslider-responsive metaslider-153 ml-slider ms-theme-outline has-dots-nav\" role=\"region\" aria-roledescription=\"Slideshow\" aria-label=\"New Slideshow\" data-width=\"700\">\n    <div id=\"metaslider_container_153\">\n        <ul id='metaslider_153' class='rslides'>\n            <li aria-roledescription='slide' aria-labelledby='slide-0'><img loading=\"lazy\" decoding=\"async\" src=\"https:\/\/mustafakaradis.com\/wp-content\/uploads\/2022\/01\/2-700x300.jpg\" height=\"300\" width=\"700\" alt=\"\" class=\"slider-153 slide-163\" title=\"2\" \/><\/li>\n            <li style='display: none;' aria-roledescription='slide' aria-labelledby='slide-1'><img loading=\"lazy\" decoding=\"async\" src=\"https:\/\/mustafakaradis.com\/wp-content\/uploads\/2022\/01\/mk.site_.kapak2_.jpg\" height=\"300\" width=\"700\" alt=\"\" class=\"slider-153 slide-242\" title=\"mk.site.kapak2\" \/><\/li>\n            <li style='display: none;' aria-roledescription='slide' aria-labelledby='slide-2'><img loading=\"lazy\" decoding=\"async\" src=\"https:\/\/mustafakaradis.com\/wp-content\/uploads\/2022\/01\/3-700x300.jpg\" height=\"300\" width=\"700\" alt=\"\" class=\"slider-153 slide-165\" title=\"3\" \/><\/li>\n            <li style='display: none;' aria-roledescription='slide' aria-labelledby='slide-3'><img loading=\"lazy\" decoding=\"async\" src=\"https:\/\/mustafakaradis.com\/wp-content\/uploads\/2022\/01\/mk.site_.kapak4_.jpg\" height=\"300\" width=\"700\" alt=\"\" class=\"slider-153 slide-246\" title=\"mk.site.kapak4\" \/><\/li>\n            <li style='display: none;' aria-roledescription='slide' aria-labelledby='slide-4'><img loading=\"lazy\" decoding=\"async\" src=\"https:\/\/mustafakaradis.com\/wp-content\/uploads\/2022\/01\/1-700x300.jpg\" height=\"300\" width=\"700\" alt=\"\" class=\"slider-153 slide-167\" title=\"1\" \/><\/li>\n            <li style='display: none;' aria-roledescription='slide' aria-labelledby='slide-5'><img loading=\"lazy\" decoding=\"async\" src=\"https:\/\/mustafakaradis.com\/wp-content\/uploads\/2022\/01\/4-700x300.jpg\" height=\"300\" width=\"700\" alt=\"\" class=\"slider-153 slide-169\" title=\"4\" \/><\/li>\n            <li style='display: none;' aria-roledescription='slide' aria-labelledby='slide-6'><img loading=\"lazy\" decoding=\"async\" src=\"https:\/\/mustafakaradis.com\/wp-content\/uploads\/2022\/01\/5-700x300.jpg\" height=\"300\" width=\"700\" alt=\"\" class=\"slider-153 slide-171\" title=\"5\" \/><\/li>\n            <li style='display: none;' aria-roledescription='slide' aria-labelledby='slide-7'><img loading=\"lazy\" decoding=\"async\" src=\"https:\/\/mustafakaradis.com\/wp-content\/uploads\/2022\/01\/6-700x300.jpg\" height=\"300\" width=\"700\" alt=\"\" class=\"slider-153 slide-173\" title=\"6\" \/><\/li>\n            <li style='display: none;' aria-roledescription='slide' aria-labelledby='slide-8'><img loading=\"lazy\" decoding=\"async\" src=\"https:\/\/mustafakaradis.com\/wp-content\/uploads\/2022\/01\/10-700x300.jpg\" height=\"300\" width=\"700\" alt=\"\" class=\"slider-153 slide-175\" title=\"10\" \/><\/li>\n            <li style='display: none;' aria-roledescription='slide' aria-labelledby='slide-9'><img loading=\"lazy\" decoding=\"async\" src=\"https:\/\/mustafakaradis.com\/wp-content\/uploads\/2022\/01\/11-700x300.jpg\" height=\"300\" width=\"700\" alt=\"\" class=\"slider-153 slide-177\" title=\"11\" \/><\/li>\n            <li style='display: none;' aria-roledescription='slide' aria-labelledby='slide-10'><img loading=\"lazy\" decoding=\"async\" src=\"https:\/\/mustafakaradis.com\/wp-content\/uploads\/2022\/01\/13-700x300.jpg\" height=\"300\" width=\"700\" alt=\"\" class=\"slider-153 slide-179\" title=\"13\" \/><\/li>\n            <li style='display: none;' aria-roledescription='slide' aria-labelledby='slide-11'><img loading=\"lazy\" decoding=\"async\" src=\"https:\/\/mustafakaradis.com\/wp-content\/uploads\/2022\/01\/mk.site_.kapak5_.jpg\" height=\"300\" width=\"700\" alt=\"\" class=\"slider-153 slide-248\" title=\"mk.site.kapak5\" \/><\/li>\n            <li style='display: none;' aria-roledescription='slide' aria-labelledby='slide-12'><img loading=\"lazy\" decoding=\"async\" src=\"https:\/\/mustafakaradis.com\/wp-content\/uploads\/2022\/01\/dene-700x300.jpg\" height=\"300\" width=\"700\" alt=\"\" class=\"slider-153 slide-181\" title=\"dene\" \/><\/li>\n            <li style='display: none;' aria-roledescription='slide' aria-labelledby='slide-13'><img loading=\"lazy\" decoding=\"async\" src=\"https:\/\/mustafakaradis.com\/wp-content\/uploads\/2022\/01\/mk.site_.kapak3_.jpg\" height=\"300\" width=\"700\" alt=\"\" class=\"slider-153 slide-244\" title=\"mk.site.kapak3\" \/><\/li>\n            <li style='display: none;' aria-roledescription='slide' aria-labelledby='slide-14'><img loading=\"lazy\" decoding=\"async\" src=\"https:\/\/mustafakaradis.com\/wp-content\/uploads\/2022\/01\/S8.Katre_-700x300.jpg\" height=\"300\" width=\"700\" alt=\"\" class=\"slider-153 slide-183\" title=\"S8.Katre\" \/><\/li>\n            <li style='display: none;' aria-roledescription='slide' aria-labelledby='slide-15'><img loading=\"lazy\" decoding=\"async\" src=\"https:\/\/mustafakaradis.com\/wp-content\/uploads\/2022\/01\/S10.Katre_-700x300.jpg\" height=\"300\" width=\"700\" alt=\"\" class=\"slider-153 slide-185\" title=\"S10.Katre\" \/><\/li>\n            <li style='display: none;' aria-roledescription='slide' aria-labelledby='slide-16'><img loading=\"lazy\" decoding=\"async\" src=\"https:\/\/mustafakaradis.com\/wp-content\/uploads\/2022\/01\/mk.site_.kapak1_.jpg\" height=\"300\" width=\"700\" alt=\"\" class=\"slider-153 slide-240\" title=\"mk.site.kapak1\" \/><\/li>\n            <li style='display: none;' aria-roledescription='slide' aria-labelledby='slide-17'><img loading=\"lazy\" decoding=\"async\" src=\"https:\/\/mustafakaradis.com\/wp-content\/uploads\/2022\/01\/S14.Katre_-700x300.jpg\" height=\"300\" width=\"700\" alt=\"\" class=\"slider-153 slide-187\" title=\"S14.Katre\" \/><\/li>\n            <li style='display: none;' aria-roledescription='slide' aria-labelledby='slide-18'><img loading=\"lazy\" decoding=\"async\" src=\"https:\/\/mustafakaradis.com\/wp-content\/uploads\/2022\/01\/mk.site_.kapak6_.jpg\" height=\"300\" width=\"700\" alt=\"\" class=\"slider-153 slide-250\" title=\"mk.site.kapak6\" \/><\/li>\n        <\/ul>\n        \n    <\/div>\n<\/div><\/div>\n\n\n\n<div id=\"wp-block-themeisle-blocks-advanced-columns-5a83b79b\" class=\"wp-block-themeisle-blocks-advanced-columns alignfull has-2-columns has-desktop-equal-layout has-tablet-equal-layout has-mobile-collapsedRows-layout has-vertical-center has-dark-bg\"><div class=\"wp-block-themeisle-blocks-advanced-columns-overlay\"><\/div><div class=\"innerblocks-wrap\">\n<div id=\"wp-block-themeisle-blocks-advanced-column-02495679\" class=\"wp-block-themeisle-blocks-advanced-column ticss-48ef8f35\">\n<p id=\"wp-block-themeisle-blocks-advanced-heading-a67260d8\" class=\"wp-block-themeisle-blocks-advanced-heading wp-block-themeisle-blocks-advanced-heading-a67260d8\"><strong>motto<\/strong><\/p>\n\n\n\n<h2 class=\"wp-block-heading has-nv-text-dark-bg-color has-text-color\" id=\"biz-kiyidan-cok-uzaklastik\">Biz K\u0131y\u0131dan \u00c7ok Uzakla\u015ft\u0131k<\/h2>\n\n\n\n<p class=\"has-nv-text-dark-bg-color has-text-color\">\u201cK\u0131y\u0131dan uzakla\u015fmay\u0131&nbsp;<em>g\u00f6ze<\/em>&nbsp;alamayanlar yeni okyanuslar ke\u015ffedemez\u201d Andre Gide.<\/p>\n\n\n\n<p><a href=\"https:\/\/mustafakaradis.com\/index.php\/2025\/10\/25\/kiyidan-uzaklasmak\/\" data-type=\"post\" data-id=\"375\"><strong><mark style=\"background-color:rgba(0, 0, 0, 0)\" class=\"has-inline-color has-nv-site-bg-color\">oku<\/mark><\/strong><\/a><\/p>\n<\/div>\n\n\n\n<div id=\"wp-block-themeisle-blocks-advanced-column-67e16009\" class=\"wp-block-themeisle-blocks-advanced-column ticss-5418d6a3\">\n<figure class=\"wp-block-image size-full\"><img loading=\"lazy\" decoding=\"async\" width=\"622\" height=\"622\" src=\"https:\/\/mustafakaradis.com\/wp-content\/uploads\/2022\/01\/mkya.jpg\" alt=\"\" class=\"wp-image-237\" srcset=\"https:\/\/mustafakaradis.com\/wp-content\/uploads\/2022\/01\/mkya.jpg 622w, https:\/\/mustafakaradis.com\/wp-content\/uploads\/2022\/01\/mkya-300x300.jpg 300w, https:\/\/mustafakaradis.com\/wp-content\/uploads\/2022\/01\/mkya-150x150.jpg 150w\" sizes=\"auto, (max-width: 622px) 100vw, 622px\" \/><\/figure>\n<\/div>\n<\/div><\/div>\n\n\n\n<div id=\"wp-block-themeisle-blocks-advanced-columns-b320f813\" class=\"wp-block-themeisle-blocks-advanced-columns has-3-columns has-desktop-equal-layout has-tablet-equal-layout has-mobile-collapsedRows-layout has-vertical-unset\"><div class=\"wp-block-themeisle-blocks-advanced-columns-overlay\"><\/div><div class=\"innerblocks-wrap\">\n<div id=\"wp-block-themeisle-blocks-advanced-column-42182f0d\" class=\"wp-block-themeisle-blocks-advanced-column\">\n<h3 class=\"wp-block-heading\" id=\"hayati-anlamak\">Hayat\u0131 Anlamak<\/h3>\n\n\n\n<p>Hayat\u0131n anlam\u0131n\u0131 sorgulamak, sadece \u201ccevab\u0131 bulmak\u201d i\u00e7in de\u011fil, ya\u015famla kurdu\u011fumuz ili\u015fkiyi derinle\u015ftirmek i\u00e7indir.<\/p>\n\n\n\n<p>Hayat\u0131 anlamak, evrensel bir cevap bulmak de\u011fildir; ya\u015famla ili\u015fkimizin niteli\u011fini de\u011fi\u015ftirir.<\/p>\n\n\n\n<p>Anlam\u0131 fark eden insan, daha bilin\u00e7li, daha sorumlu ve daha \u00f6zg\u00fcr hareket eder. Hayat\u0131n bir anlam\u0131 olmas\u0131, ya\u015fad\u0131\u011f\u0131m\u0131z her \u015feyi anlaml\u0131 k\u0131lar m\u0131, ya da hayat\u0131n bir anlam\u0131 yoksa, neden bir anlam aray\u0131\u015f\u0131 var?<\/p>\n\n\n\n<p id=\"wp-block-themeisle-blocks-advanced-heading-852c591d\" class=\"wp-block-themeisle-blocks-advanced-heading wp-block-themeisle-blocks-advanced-heading-852c591d\"><strong><a href=\"https:\/\/mustafakaradis.com\/index.php\/hayatianlama\/\" data-type=\"URL\" data-id=\"https:\/\/mustafakaradis.com\/index.php\/hayatianlama\/\">OKU<\/a><\/strong><\/p>\n<\/div>\n\n\n\n<div id=\"wp-block-themeisle-blocks-advanced-column-cd359245\" class=\"wp-block-themeisle-blocks-advanced-column\">\n<h3 class=\"wp-block-heading\" id=\"kaliteli-insan\">Kaliteli \u0130nsan<\/h3>\n\n\n\n<p>&#8221; Kaliteli insan, duygular\u0131na h\u00e2kim, d\u0131\u015f etkenlerden ba\u011f\u0131ms\u0131z, erdemli ve sorumluluk sahibi oland\u0131r.&#8221; der Epiktetos<\/p>\n\n\n\n<p>Aristotales&#8217;te benzer bir yorum yapar. &#8221; Erdemli insan, ak\u0131l ve ahlak\u0131 dengeleyerek do\u011fru se\u00e7imler yapan ki\u015fidir.&#8221; Burada kalite, yetenekten \u00e7ok erdem ve iyi ya\u015fam ile \u00f6l\u00e7\u00fcl\u00fcr.&#8221;<\/p>\n\n\n\n<p>Peki k\u00f6t\u00fcn\u00fcn varl\u0131\u011f\u0131, iyiyi iyi yap\u0131yor paradoksundan yola \u00e7\u0131karsak. Kalitesiz \u0130nsan&#8217;\u0131n varl\u0131\u011f\u0131 kaliteli insan\u0131 g\u00f6r\u00fcn\u00fcr yap\u0131yor diyebilir miyiz?<\/p>\n\n\n\n<p id=\"wp-block-themeisle-blocks-advanced-heading-98c8b9c2\" class=\"wp-block-themeisle-blocks-advanced-heading wp-block-themeisle-blocks-advanced-heading-98c8b9c2\"><strong><a href=\"https:\/\/mustafakaradis.com\/index.php\/2025\/10\/25\/kaliteli-insan\/\">OKU<\/a><\/strong><\/p>\n<\/div>\n\n\n\n<div id=\"wp-block-themeisle-blocks-advanced-column-9a9f49aa\" class=\"wp-block-themeisle-blocks-advanced-column\">\n<h3 class=\"wp-block-heading\" id=\"sinema-fabrika\">Sinema \u0130yi Gelir<\/h3>\n\n\n\n<p>Sineman\u0131n iyi gelmesi,  sinemay\u0131 tamamlay\u0131c\u0131 bir fark\u0131ndal\u0131k olarak kabul edip, Sinema&#8217;n\u0131n sa\u011fl\u0131k ve psikoloji y\u00f6n\u00fcnden \u00fczerimizdeki etkisini kullanman\u0131n \u00f6neminden bahsediyoruz.<\/p>\n\n\n\n<p>Asl\u0131nda Platon\u2019un \u201cma\u011fara alegorisi\u201d ile benzer bir i\u015flev g\u00f6r\u00fcr:<br>\u0130zledi\u011fimiz sahneler, kendi i\u00e7 d\u00fcnyam\u0131zdaki g\u00f6lgeleri temsil eder.<br>Film biter, ama biz i\u00e7imizde kalan yans\u0131malarla y\u00fczle\u015firiz.<br>Bu da bizi kendilik bilincine bir ad\u0131m daha yakla\u015ft\u0131r\u0131r.<\/p>\n\n\n\n<p id=\"wp-block-themeisle-blocks-advanced-heading-a687c894\" class=\"wp-block-themeisle-blocks-advanced-heading wp-block-themeisle-blocks-advanced-heading-a687c894\"><strong><a href=\"https:\/\/mustafakaradis.com\/index.php\/2025\/10\/25\/sinema-terapi\/\" data-type=\"post\" data-id=\"396\">oku<\/a><\/strong><\/p>\n<\/div>\n<\/div><\/div>\n\n\n\n<div id=\"wp-block-themeisle-blocks-advanced-columns-194b2b21\" class=\"wp-block-themeisle-blocks-advanced-columns alignfull has-1-columns has-desktop-equal-layout has-tablet-equal-layout has-mobile-equal-layout has-vertical-unset has-light-bg\"><div class=\"wp-block-themeisle-blocks-advanced-columns-overlay\"><\/div><div class=\"innerblocks-wrap\">\n<div id=\"wp-block-themeisle-blocks-advanced-column-204c7024\" class=\"wp-block-themeisle-blocks-advanced-column\">\n<p id=\"wp-block-themeisle-blocks-advanced-heading-a6bbd4ea\" class=\"wp-block-themeisle-blocks-advanced-heading wp-block-themeisle-blocks-advanced-heading-a6bbd4ea\"><strong>hat\u0131rlanmaya de\u011fer olanlar<\/strong><\/p>\n\n\n\n<h2 id=\"wp-block-themeisle-blocks-advanced-heading-2ec13e75\" class=\"wp-block-themeisle-blocks-advanced-heading wp-block-themeisle-blocks-advanced-heading-2ec13e75\">Ge\u00e7mi\u015f Zaman<\/h2>\n\n\n\n<div id=\"wp-block-themeisle-blocks-advanced-columns-33738250\" class=\"wp-block-themeisle-blocks-advanced-columns has-3-columns has-desktop-equal-layout has-tablet-equal-layout has-mobile-collapsedRows-layout has-vertical-unset\"><div class=\"wp-block-themeisle-blocks-advanced-columns-overlay\"><\/div><div class=\"innerblocks-wrap\">\n<div id=\"wp-block-themeisle-blocks-advanced-column-c4c3925f\" class=\"wp-block-themeisle-blocks-advanced-column\">\n<figure class=\"wp-block-image size-full\"><img loading=\"lazy\" decoding=\"async\" width=\"400\" height=\"600\" src=\"https:\/\/mustafakaradis.com\/wp-content\/uploads\/2022\/01\/mkk1.jpg\" alt=\"\" class=\"wp-image-233\" srcset=\"https:\/\/mustafakaradis.com\/wp-content\/uploads\/2022\/01\/mkk1.jpg 400w, https:\/\/mustafakaradis.com\/wp-content\/uploads\/2022\/01\/mkk1-200x300.jpg 200w\" sizes=\"auto, (max-width: 400px) 100vw, 400px\" \/><\/figure>\n\n\n\n<h3 class=\"wp-block-heading\" id=\"people\">Kapal\u0131\u00e7ar\u015f\u0131 Kapal\u0131kutu!<\/h3>\n\n\n\n<p id=\"wp-block-themeisle-blocks-advanced-heading-741fa943\" class=\"wp-block-themeisle-blocks-advanced-heading wp-block-themeisle-blocks-advanced-heading-741fa943\"><strong><a href=\"https:\/\/mustafakaradis.com\/index.php\/2025\/10\/26\/kapalicarsi-bi-kapalikutu\/\">oku<\/a><\/strong><\/p>\n<\/div>\n\n\n\n<div id=\"wp-block-themeisle-blocks-advanced-column-2fac3b7a\" class=\"wp-block-themeisle-blocks-advanced-column\">\n<figure class=\"wp-block-image size-full\"><img loading=\"lazy\" decoding=\"async\" width=\"400\" height=\"600\" src=\"https:\/\/mustafakaradis.com\/wp-content\/uploads\/2022\/01\/mksol-1.jpg\" alt=\"\" class=\"wp-image-234\" srcset=\"https:\/\/mustafakaradis.com\/wp-content\/uploads\/2022\/01\/mksol-1.jpg 400w, https:\/\/mustafakaradis.com\/wp-content\/uploads\/2022\/01\/mksol-1-200x300.jpg 200w\" sizes=\"auto, (max-width: 400px) 100vw, 400px\" \/><\/figure>\n\n\n\n<h3 class=\"wp-block-heading\" id=\"urban\">Sevdi\u011fim \u0130\u015fi Yap\u0131yorum!<\/h3>\n\n\n\n<p id=\"wp-block-themeisle-blocks-advanced-heading-8e5023f8\" class=\"wp-block-themeisle-blocks-advanced-heading wp-block-themeisle-blocks-advanced-heading-8e5023f8\"><strong><a href=\"https:\/\/mustafakaradis.com\/blogger-gb-news\/\">oku<\/a><\/strong><\/p>\n<\/div>\n\n\n\n<div id=\"wp-block-themeisle-blocks-advanced-column-dcbf27d1\" class=\"wp-block-themeisle-blocks-advanced-column\">\n<figure class=\"wp-block-image size-full\"><img loading=\"lazy\" decoding=\"async\" width=\"400\" height=\"600\" src=\"https:\/\/mustafakaradis.com\/wp-content\/uploads\/2025\/10\/ben.mk3_.jpg\" alt=\"\" class=\"wp-image-420\" srcset=\"https:\/\/mustafakaradis.com\/wp-content\/uploads\/2025\/10\/ben.mk3_.jpg 400w, https:\/\/mustafakaradis.com\/wp-content\/uploads\/2025\/10\/ben.mk3_-200x300.jpg 200w\" sizes=\"auto, (max-width: 400px) 100vw, 400px\" \/><\/figure>\n\n\n\n<h3 class=\"wp-block-heading\" id=\"abstract\">\u0130nsan sevdiklerine aynad\u0131r!<\/h3>\n\n\n\n<p id=\"wp-block-themeisle-blocks-advanced-heading-c6f25443\" class=\"wp-block-themeisle-blocks-advanced-heading wp-block-themeisle-blocks-advanced-heading-c6f25443\"><strong><a href=\"https:\/\/mustafakaradis.com\/blogger-gb-news\/\">oku<\/a><\/strong><\/p>\n<\/div>\n<\/div><\/div>\n<\/div>\n<\/div><\/div>\n\n\n\n<div id=\"wp-block-themeisle-blocks-advanced-columns-6f11e740\" class=\"wp-block-themeisle-blocks-advanced-columns alignfull has-1-columns has-desktop-equal-layout has-tablet-equal-layout has-mobile-equal-layout has-vertical-unset\"><div class=\"wp-block-themeisle-blocks-advanced-columns-overlay\"><\/div><div class=\"innerblocks-wrap\">\n<div id=\"wp-block-themeisle-blocks-advanced-column-085d763a\" class=\"wp-block-themeisle-blocks-advanced-column\">\n<p id=\"wp-block-themeisle-blocks-advanced-heading-a38d6050\" class=\"wp-block-themeisle-blocks-advanced-heading wp-block-themeisle-blocks-advanced-heading-a38d6050\"><strong>biz neden kar\u015f\u0131la\u015ft\u0131k?<\/strong><\/p>\n\n\n\n<h2 id=\"wp-block-themeisle-blocks-advanced-heading-4e96de44\" class=\"wp-block-themeisle-blocks-advanced-heading wp-block-themeisle-blocks-advanced-heading-4e96de44\">K\u00fc\u00e7\u00fck bir yolculu\u011fa ne dersin ?<\/h2>\n\n\n\n<p class=\"has-text-align-center\" style=\"font-size:22px\">Fark\u0131ndaysan, hayat\u0131n anlam\u0131n\u0131 ararken, hayat\u0131n i\u00e7inde ya\u015fad\u0131\u011f\u0131 her \u015feye herkese anlamlar y\u00fckleyen biriyle kar\u015f\u0131 kar\u015f\u0131yas\u0131n. Ba\u011flant\u0131sall\u0131k bulu\u015fu beni belki de hayat\u0131m boyunca en \u00e7ok etkileyen bulu\u015flardan biri. Ya\u015fam\u0131n anlam\u0131n\u0131 bilimsel olarak ilk kez farkl\u0131 boyutlara ta\u015f\u0131yan bir bulu\u015f. Ben Ba\u011flant\u0131sall\u0131k konusu \u00fczerinden bunu bir ileri a\u015famaya ta\u015f\u0131mak istiyorum. Hayat\u0131n anlam\u0131 &#8220;<strong>etkile\u015fim<\/strong>&#8221; yani etkile\u015fime girdi\u011fimiz insanlar, canl\u0131lar, hatta do\u011fa, bizimle temas eden yolumuzun kesi\u015fti\u011fi her \u015fey bizi biz yapan \u015feyler. O zaman bu konuya derinlemesine dalmak \u015fart oldu.<\/p>\n\n\n\n<div style=\"height:40px\" aria-hidden=\"true\" class=\"wp-block-spacer\"><\/div>\n\n\n<div class=\"aligncenter is-style-icons wp-block-themeisle-blocks-sharing-icons\" id=\"wp-block-themeisle-blocks-sharing-icons-b2b69535\"><div class=\"social-icons-wrap\"><a class=\"social-icon is-facebook\" href=\"https:\/\/www.facebook.com\/sharer\/sharer.php?u=https:\/\/mustafakaradis.com\/index.php\/wp-json\/wp\/v2\/pages\/5&#038;title=Anasayfa\" target=\"_blank\"><svg xmlns=\"http:\/\/www.w3.org\/2000\/svg\" viewBox=\"0 0 512 512\"><!--!Font Awesome Free 6.6.0 by @fontawesome - https:\/\/fontawesome.com License - https:\/\/fontawesome.com\/license\/free Copyright 2024 Fonticons, Inc.--><path d=\"M512 256C512 114.6 397.4 0 256 0S0 114.6 0 256C0 376 82.7 476.8 194.2 504.5V334.2H141.4V256h52.8V222.3c0-87.1 39.4-127.5 125-127.5c16.2 0 44.2 3.2 55.7 6.4V172c-6-.6-16.5-1-29.6-1c-42 0-58.2 15.9-58.2 57.2V256h83.6l-14.4 78.2H287V510.1C413.8 494.8 512 386.9 512 256h0z\"\/><\/svg><span class=\"v-line\"><\/span><\/a><a class=\"social-icon is-twitter\" href=\"http:\/\/x.com\/share?url=https:\/\/mustafakaradis.com\/index.php\/wp-json\/wp\/v2\/pages\/5&#038;text=Anasayfa\" target=\"_blank\"><svg xmlns=\"http:\/\/www.w3.org\/2000\/svg\" viewBox=\"0 0 512 512\"><!--!Font Awesome Free 6.6.0 by @fontawesome - https:\/\/fontawesome.com License - https:\/\/fontawesome.com\/license\/free Copyright 2024 Fonticons, Inc.--><title>Share on X<\/title><path d=\"M389.2 48h70.6L305.6 224.2 487 464H345L233.7 318.6 106.5 464H35.8L200.7 275.5 26.8 48H172.4L272.9 180.9 389.2 48zM364.4 421.8h39.1L151.1 88h-42L364.4 421.8z\"\/><\/svg><\/a><a class=\"social-icon is-linkedin\" href=\"https:\/\/www.linkedin.com\/shareArticle?mini=true&#038;url=https:\/\/mustafakaradis.com\/index.php\/wp-json\/wp\/v2\/pages\/5&#038;title=Anasayfa\" target=\"_blank\"><svg xmlns=\"http:\/\/www.w3.org\/2000\/svg\" viewBox=\"0 0 448 512\"><!--!Font Awesome Free 6.6.0 by @fontawesome - https:\/\/fontawesome.com License - https:\/\/fontawesome.com\/license\/free Copyright 2024 Fonticons, Inc.--><path d=\"M100.3 448H7.4V148.9h92.9zM53.8 108.1C24.1 108.1 0 83.5 0 53.8a53.8 53.8 0 0 1 107.6 0c0 29.7-24.1 54.3-53.8 54.3zM447.9 448h-92.7V302.4c0-34.7-.7-79.2-48.3-79.2-48.3 0-55.7 37.7-55.7 76.7V448h-92.8V148.9h89.1v40.8h1.3c12.4-23.5 42.7-48.3 87.9-48.3 94 0 111.3 61.9 111.3 142.3V448z\"\/><\/svg><span class=\"v-line\"><\/span><\/a><\/div><\/div><\/div>\n<\/div><\/div>\n\n\n\n<p><\/p>\n","protected":false},"excerpt":{"rendered":"","protected":false},"author":1,"featured_media":0,"parent":0,"menu_order":0,"comment_status":"closed","ping_status":"closed","template":"page-templates\/template-pagebuilder-full-width.php","meta":{"neve_meta_sidebar":"full-width","neve_meta_container":"","neve_meta_enable_content_width":"on","neve_meta_content_width":100,"neve_meta_title_alignment":"","neve_meta_author_avatar":"","neve_post_elements_order":"","neve_meta_disable_header":"","neve_meta_disable_footer":"","neve_meta_disable_title":"on","_themeisle_gutenberg_block_has_review":false,"footnotes":""},"class_list":["post-5","page","type-page","status-publish","hentry"],"_links":{"self":[{"href":"https:\/\/mustafakaradis.com\/index.php\/wp-json\/wp\/v2\/pages\/5","targetHints":{"allow":["GET"]}}],"collection":[{"href":"https:\/\/mustafakaradis.com\/index.php\/wp-json\/wp\/v2\/pages"}],"about":[{"href":"https:\/\/mustafakaradis.com\/index.php\/wp-json\/wp\/v2\/types\/page"}],"author":[{"embeddable":true,"href":"https:\/\/mustafakaradis.com\/index.php\/wp-json\/wp\/v2\/users\/1"}],"replies":[{"embeddable":true,"href":"https:\/\/mustafakaradis.com\/index.php\/wp-json\/wp\/v2\/comments?post=5"}],"version-history":[{"count":49,"href":"https:\/\/mustafakaradis.com\/index.php\/wp-json\/wp\/v2\/pages\/5\/revisions"}],"predecessor-version":[{"id":489,"href":"https:\/\/mustafakaradis.com\/index.php\/wp-json\/wp\/v2\/pages\/5\/revisions\/489"}],"wp:attachment":[{"href":"https:\/\/mustafakaradis.com\/index.php\/wp-json\/wp\/v2\/media?parent=5"}],"curies":[{"name":"wp","href":"https:\/\/api.w.org\/{rel}","templated":true}]}}