{"id":286,"date":"2022-02-03T09:49:45","date_gmt":"2022-02-03T09:49:45","guid":{"rendered":"https:\/\/mustafakaradis.com\/index.php\/testimonials-5\/"},"modified":"2025-10-24T19:55:46","modified_gmt":"2025-10-24T19:55:46","slug":"hayatianlama","status":"publish","type":"page","link":"https:\/\/mustafakaradis.com\/index.php\/hayatianlama\/","title":{"rendered":"Hayat\u0131n Anlam\u0131"},"content":{"rendered":"\n<ul class=\"wp-block-list\">\n<li><strong>HAYATIN ANLAMINI TEK B\u0130R C\u00dcMLEDE \u0130FADE ETMEK HAKSIZLIK OLURDU!<\/strong><\/li>\n\n\n\n<li><strong>1. Fark\u0131ndal\u0131k:<\/strong><br>Fark etmek ise ya\u015fam\u0131n en derin anlam\u0131d\u0131r. Varl\u0131\u011f\u0131n\u0131, nedenini, etkini ve s\u0131n\u0131rlar\u0131n\u0131 fark etmek\u2026 Bu fark\u0131ndal\u0131k olmadan, ya\u015famak sadece bir biyolojik d\u00f6ng\u00fcden ibarettir. Bu durumda fark\u0131nda olmak g\u00f6zlerini a\u00e7mak gibi bir \u015fey, bakmak de\u011fil g\u00f6rmeyi ba\u015farmak.<br><strong>2. Evrensel uyum:<\/strong><br>Varl\u0131klar birbirine b\u00fct\u00fcn\u00fcyle ba\u011fl\u0131 bir sistemin par\u00e7alar\u0131. N\u00f6ronlardan, Atomdan galaksiye, \u0130nsan, Hayvan, Bitkiler t\u00fcm canl\u0131lar her \u015feyin ayn\u0131 d\u00fczenin farkl\u0131 titre\u015fimleri oldu\u011funu kabul etmek evrensel uyumun kendisidir. Hayat\u0131n anlam\u0131 da bu uyumu fark etmekte ve onunla akmakta sakl\u0131d\u0131r yani do\u011fan\u0131n, evrenin ritmine \u201cbilin\u00e7li bir \u015fekilde\u201d kat\u0131lmakt\u0131r.<br><strong>3. Bilgiyi payla\u015fmak:<\/strong><br>Bilgi, sadece birikmek i\u00e7in de\u011fil, yay\u0131lmak i\u00e7in vard\u0131r. Anlam, \u00f6\u011frendi\u011fini payla\u015fmakta, ba\u015fka zihinleri ayd\u0131nlatmakta do\u011far. \u00c7\u00fcnk\u00fc bilginin do\u011fas\u0131 t\u0131pk\u0131 \u0131\u015f\u0131k gibidir payla\u015ft\u0131k\u00e7a artar, yay\u0131ld\u0131k\u00e7a g\u00fc\u00e7lenir. Bilgini payla\u015f\u0131lmamas\u0131 bencilli\u011fin sahip olma arzusunun karanl\u0131k yans\u0131mas\u0131d\u0131r. Hayat payla\u015ft\u0131k\u00e7a daha g\u00fczel ve anlaml\u0131d\u0131r.<br><strong>4. Sorgulamak:<\/strong><br>\u201cSorgulanmam\u0131\u015f bir hayat, ya\u015famaya de\u011fmez.\u201d Sokrates<br>(Bilincin uyan\u0131\u015f\u0131yla ba\u015flar anlam, fark\u0131ndal\u0131k olmadan ya\u015famak, asl\u0131nda ya\u015famamakt\u0131r.)<br><strong>5.Yapt\u0131\u011f\u0131m\u0131z se\u00e7imler:<\/strong><br>\u201c\u0130nsan\u0131n \u00f6z\u00fcn\u00fc belirleyen \u015fey, yapt\u0131\u011f\u0131 se\u00e7imlerdir.\u201d Jean-Paul Sartre<br>(Anlam do\u011fu\u015ftan verilmez insan kendi eylemleriyle onu yarat\u0131r.)<br><strong>6.Aramak iyidir:<\/strong><br>\u201c\u0130nsan\u0131n anlam aray\u0131\u015f\u0131, ya\u015fam\u0131n itici g\u00fcc\u00fcd\u00fcr.\u201d Viktor Frankl<br>(Holokost\u2019tan sa\u011f \u00e7\u0131kan Frankl, ac\u0131n\u0131n bile anlam bulunursa dayan\u0131labilir oldu\u011funu savunur. Aramakta bir se\u00e7imdir. Ve sadece bu bile d\u00fcnyay\u0131 daha ya\u015fanabilir ve anlaml\u0131 k\u0131lmaya yetebilir.)<br><strong>7.Enerji, Frekans,Titre\u015fim:<\/strong> \u201cEvrenin s\u0131rlar\u0131n\u0131 anlamak istiyorsan, enerji, frekans ve titre\u015fim a\u00e7\u0131s\u0131ndan d\u00fc\u015f\u00fcn.\u201d<br>Tesla\u2019ya g\u00f6re hayat\u0131n anlam\u0131 maddeye de\u011fil titre\u015fime dayan\u0131r. Her \u015fey enerjiden ibarettir, insan da bu enerjinin bir formudur. Bu y\u00fczden ya\u015fam\u0131n amac\u0131, o evrensel titre\u015fimle uyumlanmakt\u0131r t\u0131pk\u0131 bir antenin do\u011fru frekansa ayarlanmas\u0131 gibi.<br>K\u0131saca:<br>\u201cHayat\u0131n anlam\u0131, bilginin \u0131\u015f\u0131\u011f\u0131nda karanl\u0131ktan \u00e7\u0131kmakt\u0131r \u00f6nce kendi i\u00e7indeki, sonra d\u00fcnyan\u0131n karanl\u0131\u011f\u0131ndan.\u201d<br>Mustafa Karadis<\/li>\n<\/ul>\n\n\n\n<div class=\"wp-block-cover alignfull is-light\"><span aria-hidden=\"true\" class=\"wp-block-cover__background has-background-dim-100 has-background-dim has-background-gradient\" style=\"background:linear-gradient(360deg,rgb(0,0,0) 80%,rgb(255,255,255) 80%)\"><\/span><div class=\"wp-block-cover__inner-container is-layout-flow wp-block-cover-is-layout-flow\">\n<div class=\"wp-block-columns is-layout-flex wp-container-core-columns-is-layout-9d6595d7 wp-block-columns-is-layout-flex\">\n<div class=\"wp-block-column is-layout-flow wp-block-column-is-layout-flow\"><div class=\"wp-block-image\">\n<figure class=\"aligncenter size-full\"><img loading=\"lazy\" decoding=\"async\" width=\"976\" height=\"549\" src=\"https:\/\/mustafakaradis.com\/wp-content\/uploads\/2025\/10\/kirmizihap.mavihap.jpg\" alt=\"\" class=\"wp-image-359\" srcset=\"https:\/\/mustafakaradis.com\/wp-content\/uploads\/2025\/10\/kirmizihap.mavihap.jpg 976w, https:\/\/mustafakaradis.com\/wp-content\/uploads\/2025\/10\/kirmizihap.mavihap-300x169.jpg 300w, https:\/\/mustafakaradis.com\/wp-content\/uploads\/2025\/10\/kirmizihap.mavihap-768x432.jpg 768w\" sizes=\"auto, (max-width: 976px) 100vw, 976px\" \/><\/figure>\n<\/div><\/div>\n<\/div>\n\n\n\n<div class=\"wp-block-columns is-layout-flex wp-container-core-columns-is-layout-9d6595d7 wp-block-columns-is-layout-flex\">\n<div class=\"wp-block-column is-layout-flow wp-block-column-is-layout-flow\">\n<p class=\"has-text-align-left has-nv-text-dark-bg-color has-text-color has-normal-font-size\"><strong>Carl Jung<\/strong><\/p>\n\n\n\n<p class=\"has-text-align-left has-nv-text-dark-bg-color has-text-color has-normal-font-size\">\u201cHayat\u0131n anlam\u0131, senin kendi bireyselli\u011fini ger\u00e7ekle\u015ftirmendir.\u201d<br>(Yani insan, kim oldu\u011funu ger\u00e7ekten fark etti\u011finde evrenin plan\u0131nda kendi yerini bulur.)<\/p>\n<\/div>\n\n\n\n<div class=\"wp-block-column is-layout-flow wp-block-column-is-layout-flow\">\n<p class=\"has-nv-text-dark-bg-color has-text-color\"><strong>Alan Watts<\/strong><\/p>\n\n\n\n<p class=\"has-nv-text-dark-bg-color has-text-color\">\u201cHayat \u00e7\u00f6z\u00fclmesi gereken bir problem de\u011fil, ya\u015fanmas\u0131 gereken bir gizemdir.\u201d<br>(Anlam, ak\u0131lla \u00e7\u00f6zmekte de\u011fil, bilin\u00e7le deneyimlemektedir.)<\/p>\n<\/div>\n<\/div>\n<\/div><\/div>\n","protected":false},"excerpt":{"rendered":"","protected":false},"author":1,"featured_media":0,"parent":0,"menu_order":0,"comment_status":"closed","ping_status":"closed","template":"","meta":{"neve_meta_sidebar":"full-width","neve_meta_container":"contained","neve_meta_enable_content_width":"on","neve_meta_content_width":100,"neve_meta_title_alignment":"","neve_meta_author_avatar":"","neve_post_elements_order":"","neve_meta_disable_header":"","neve_meta_disable_footer":"","neve_meta_disable_title":"on","_themeisle_gutenberg_block_has_review":false,"footnotes":""},"class_list":["post-286","page","type-page","status-publish","hentry"],"_links":{"self":[{"href":"https:\/\/mustafakaradis.com\/index.php\/wp-json\/wp\/v2\/pages\/286","targetHints":{"allow":["GET"]}}],"collection":[{"href":"https:\/\/mustafakaradis.com\/index.php\/wp-json\/wp\/v2\/pages"}],"about":[{"href":"https:\/\/mustafakaradis.com\/index.php\/wp-json\/wp\/v2\/types\/page"}],"author":[{"embeddable":true,"href":"https:\/\/mustafakaradis.com\/index.php\/wp-json\/wp\/v2\/users\/1"}],"replies":[{"embeddable":true,"href":"https:\/\/mustafakaradis.com\/index.php\/wp-json\/wp\/v2\/comments?post=286"}],"version-history":[{"count":11,"href":"https:\/\/mustafakaradis.com\/index.php\/wp-json\/wp\/v2\/pages\/286\/revisions"}],"predecessor-version":[{"id":360,"href":"https:\/\/mustafakaradis.com\/index.php\/wp-json\/wp\/v2\/pages\/286\/revisions\/360"}],"wp:attachment":[{"href":"https:\/\/mustafakaradis.com\/index.php\/wp-json\/wp\/v2\/media?parent=286"}],"curies":[{"name":"wp","href":"https:\/\/api.w.org\/{rel}","templated":true}]}}